{"id":62,"date":"2022-04-09T16:02:01","date_gmt":"2022-04-09T16:02:01","guid":{"rendered":"https:\/\/www.electricardi.com\/?page_id=62"},"modified":"2024-06-23T18:08:30","modified_gmt":"2024-06-23T18:08:30","slug":"proyectos","status":"publish","type":"page","link":"https:\/\/www.electricardi.com\/index.php\/proyectos\/","title":{"rendered":"Proyectos"},"content":{"rendered":"<p>[et_pb_section fb_built=\u00bb1&#8243; _builder_version=\u00bb4.19.4&#8243; _module_preset=\u00bbdefault\u00bb background_video_mp4=\u00bbhttps:\/\/www.electricardi.com\/wp-content\/uploads\/2022\/12\/Electricidad-2151-1.mp4&#8243; background_video_pause_outside_viewport=\u00bboff\u00bb width=\u00bb100%\u00bb max_width=\u00bb100%\u00bb custom_padding=\u00bb||143px|||\u00bb global_colors_info=\u00bb{}\u00bb][et_pb_row _builder_version=\u00bb4.19.4&#8243; _module_preset=\u00bbdefault\u00bb custom_margin=\u00bb28px|auto||auto||\u00bb animation_style=\u00bbfade\u00bb global_colors_info=\u00bb{}\u00bb][et_pb_column type=\u00bb4_4&#8243; _builder_version=\u00bb4.19.4&#8243; _module_preset=\u00bbdefault\u00bb global_colors_info=\u00bb{}\u00bb][et_pb_text _builder_version=\u00bb4.25.2&#8243; _module_preset=\u00bbdefault\u00bb text_font_size=\u00bb16px\u00bb header_font=\u00bbAlbert Sans||||||||\u00bb header_text_color=\u00bb#FFFFFF\u00bb header_font_size=\u00bb36px\u00bb header_line_height=\u00bb1.2em\u00bb hover_enabled=\u00bb0&#8243; global_colors_info=\u00bb{}\u00bb text_font=\u00bbAlbert Sans||||||||\u00bb sticky_enabled=\u00bb0&#8243;]<\/p>\n<h1>Todo el suministro de material el\u00e9ctrico<\/h1>\n<h1>para tu proyecto industrial o de construcci\u00f3n<\/h1>\n<p>[\/et_pb_text][et_pb_text _builder_version=\u00bb4.25.2&#8243; _module_preset=\u00bbdefault\u00bb text_text_color=\u00bb#FFFFFF\u00bb text_font_size=\u00bb16px\u00bb hover_enabled=\u00bb0&#8243; global_colors_info=\u00bb{}\u00bb text_font=\u00bbAlbert Sans||||||||\u00bb sticky_enabled=\u00bb0&#8243;]<\/p>\n<p>Te ofrecemos descuentos especiales, atenci\u00f3n personalizada, prioridad sobre pedidos, env\u00edos sin costo y asesor\u00eda por parte de nuestros ingenieros expertos. Aprovecha todos los beneficios de ser cliente de Proyectos Electricardi.<\/p>\n<p>[\/et_pb_text][et_pb_button button_text=\u00bbCotizar ahora\u00bb _builder_version=\u00bb4.25.2&#8243; _module_preset=\u00bbdefault\u00bb custom_button=\u00bbon\u00bb button_text_size=\u00bb16px\u00bb button_text_color=\u00bb#000000&#8243; button_bg_color=\u00bb#FFFFFF\u00bb button_border_width=\u00bb0px\u00bb button_use_icon=\u00bboff\u00bb hover_enabled=\u00bb0&#8243; global_colors_info=\u00bb{}\u00bb sticky_enabled=\u00bb0&#8243;][\/et_pb_button][\/et_pb_column][\/et_pb_row][\/et_pb_section][et_pb_section fb_built=\u00bb1&#8243; fullwidth=\u00bbon\u00bb theme_builder_area=\u00bbpost_content\u00bb _builder_version=\u00bb4.25.2&#8243; _module_preset=\u00bbdefault\u00bb][et_pb_fullwidth_image src=\u00bbhttps:\/\/www.electricardi.com\/wp-content\/uploads\/2024\/06\/Recurso-EC01@300x.png\u00bb title_text=\u00bbRecurso EC01@300x\u00bb _builder_version=\u00bb4.25.1&#8243; _module_preset=\u00bbdefault\u00bb animation_style=\u00bbslide\u00bb animation_direction=\u00bbleft\u00bb sticky_position=\u00bbtop\u00bb scroll_horizontal_motion_enable=\u00bbon\u00bb scroll_horizontal_motion=\u00bb0|21|21|100|4|0|-4&#8243; global_colors_info=\u00bb{}\u00bb theme_builder_area=\u00bbpost_content\u00bb][\/et_pb_fullwidth_image][\/et_pb_section]<\/p>\n","protected":false},"excerpt":{"rendered":"<p>Todo el suministro de material el\u00e9ctrico para tu proyecto industrial o de construcci\u00f3nTe ofrecemos descuentos especiales, atenci\u00f3n personalizada, prioridad sobre pedidos, env\u00edos sin costo y asesor\u00eda por parte de nuestros ingenieros expertos. Aprovecha todos los beneficios de ser cliente de Proyectos Electricardi.<\/p>\n","protected":false},"author":1,"featured_media":0,"parent":0,"menu_order":0,"comment_status":"closed","ping_status":"closed","template":"","meta":{"_et_pb_use_builder":"on","_et_pb_old_content":"","_et_gb_content_width":"","_joinchat":[],"footnotes":""},"class_list":["post-62","page","type-page","status-publish","hentry"],"jetpack_sharing_enabled":true,"_links":{"self":[{"href":"https:\/\/www.electricardi.com\/index.php\/wp-json\/wp\/v2\/pages\/62","targetHints":{"allow":["GET"]}}],"collection":[{"href":"https:\/\/www.electricardi.com\/index.php\/wp-json\/wp\/v2\/pages"}],"about":[{"href":"https:\/\/www.electricardi.com\/index.php\/wp-json\/wp\/v2\/types\/page"}],"author":[{"embeddable":true,"href":"https:\/\/www.electricardi.com\/index.php\/wp-json\/wp\/v2\/users\/1"}],"replies":[{"embeddable":true,"href":"https:\/\/www.electricardi.com\/index.php\/wp-json\/wp\/v2\/comments?post=62"}],"version-history":[{"count":39,"href":"https:\/\/www.electricardi.com\/index.php\/wp-json\/wp\/v2\/pages\/62\/revisions"}],"predecessor-version":[{"id":1210,"href":"https:\/\/www.electricardi.com\/index.php\/wp-json\/wp\/v2\/pages\/62\/revisions\/1210"}],"wp:attachment":[{"href":"https:\/\/www.electricardi.com\/index.php\/wp-json\/wp\/v2\/media?parent=62"}],"curies":[{"name":"wp","href":"https:\/\/api.w.org\/{rel}","templated":true}]}}